{"id":8087,"date":"2022-04-14T09:42:17","date_gmt":"2022-04-14T09:42:17","guid":{"rendered":"https:\/\/optamiss.com\/?page_id=8087"},"modified":"2023-09-13T06:24:57","modified_gmt":"2023-09-13T06:24:57","slug":"tradezone-distribution-center","status":"publish","type":"page","link":"https:\/\/optamiss.com\/es\/nuestros-proyectos\/tradezone-distribution-center\/","title":{"rendered":"TradeZone Distribution Center"},"content":{"rendered":"<div data-elementor-type=\"wp-page\" data-elementor-id=\"8087\" class=\"elementor elementor-8087\" data-elementor-post-type=\"page\">\n\t\t\t\t\t\t\t\t\t<section class=\"has_eae_slider elementor-section elementor-top-section elementor-element elementor-element-69dc275 elementor-section-boxed elementor-section-height-default elementor-section-height-default\" data-id=\"69dc275\" data-element_type=\"section\">\n\t\t\t\t\t\t<div class=\"elementor-container elementor-column-gap-default\">\n\t\t\t\t\t<div class=\"has_eae_slider elementor-column elementor-col-100 elementor-top-column elementor-element elementor-element-8952f00\" data-id=\"8952f00\" data-element_type=\"column\">\n\t\t\t<div class=\"elementor-widget-wrap elementor-element-populated\">\n\t\t\t\t\t\t\t\t<div class=\"elementor-element elementor-element-61667b0 elementor-widget elementor-widget-heading\" data-id=\"61667b0\" data-element_type=\"widget\" data-widget_type=\"heading.default\">\n\t\t\t\t<div class=\"elementor-widget-container\">\n\t\t\t<style>\/*! elementor - v3.15.0 - 20-08-2023 *\/\n.elementor-heading-title{padding:0;margin:0;line-height:1}.elementor-widget-heading .elementor-heading-title[class*=elementor-size-]>a{color:inherit;font-size:inherit;line-height:inherit}.elementor-widget-heading .elementor-heading-title.elementor-size-small{font-size:15px}.elementor-widget-heading .elementor-heading-title.elementor-size-medium{font-size:19px}.elementor-widget-heading .elementor-heading-title.elementor-size-large{font-size:29px}.elementor-widget-heading .elementor-heading-title.elementor-size-xl{font-size:39px}.elementor-widget-heading .elementor-heading-title.elementor-size-xxl{font-size:59px}<\/style><h1 class=\"elementor-heading-title elementor-size-xl\">Tradezone Distribution Center Roof Replacement\n<\/h1>\t\t<\/div>\n\t\t\t\t<\/div>\n\t\t\t\t<div class=\"elementor-element elementor-element-f514101 elementor-widget elementor-widget-spacer\" data-id=\"f514101\" data-element_type=\"widget\" data-widget_type=\"spacer.default\">\n\t\t\t\t<div class=\"elementor-widget-container\">\n\t\t\t<style>\/*! elementor - v3.15.0 - 20-08-2023 *\/\n.elementor-column .elementor-spacer-inner{height:var(--spacer-size)}.e-con{--container-widget-width:100%}.e-con-inner>.elementor-widget-spacer,.e-con>.elementor-widget-spacer{width:var(--container-widget-width,var(--spacer-size));--align-self:var(--container-widget-align-self,initial);--flex-shrink:0}.e-con-inner>.elementor-widget-spacer>.elementor-widget-container,.e-con-inner>.elementor-widget-spacer>.elementor-widget-container>.elementor-spacer,.e-con>.elementor-widget-spacer>.elementor-widget-container,.e-con>.elementor-widget-spacer>.elementor-widget-container>.elementor-spacer{height:100%}.e-con-inner>.elementor-widget-spacer>.elementor-widget-container>.elementor-spacer>.elementor-spacer-inner,.e-con>.elementor-widget-spacer>.elementor-widget-container>.elementor-spacer>.elementor-spacer-inner{height:var(--container-widget-height,var(--spacer-size))}<\/style>\t\t<div class=\"elementor-spacer\">\n\t\t\t<div class=\"elementor-spacer-inner\"><\/div>\n\t\t<\/div>\n\t\t\t\t<\/div>\n\t\t\t\t<\/div>\n\t\t\t\t\t<\/div>\n\t\t<\/div>\n\t\t\t\t\t\t\t<\/div>\n\t\t<\/section>\n\t\t\t\t<section class=\"has_eae_slider elementor-section elementor-top-section elementor-element elementor-element-5264c3b elementor-section-content-middle elementor-section-boxed elementor-section-height-default elementor-section-height-default\" data-id=\"5264c3b\" data-element_type=\"section\">\n\t\t\t\t\t\t<div class=\"elementor-container elementor-column-gap-default\">\n\t\t\t\t\t<div class=\"has_eae_slider elementor-column elementor-col-50 elementor-top-column elementor-element elementor-element-47b16eb\" data-id=\"47b16eb\" data-element_type=\"column\">\n\t\t\t<div class=\"elementor-widget-wrap elementor-element-populated\">\n\t\t\t\t\t\t\t\t<div class=\"elementor-element elementor-element-637fc8e elementor-widget elementor-widget-image\" data-id=\"637fc8e\" data-element_type=\"widget\" data-widget_type=\"image.default\">\n\t\t\t\t<div class=\"elementor-widget-container\">\n\t\t\t<style>\/*! elementor - v3.15.0 - 20-08-2023 *\/\n.elementor-widget-image{text-align:center}.elementor-widget-image a{display:inline-block}.elementor-widget-image a img[src$=\".svg\"]{width:48px}.elementor-widget-image img{vertical-align:middle;display:inline-block}<\/style>\t\t\t\t\t\t\t\t\t\t\t\t<img decoding=\"async\" loading=\"lazy\" width=\"1024\" height=\"768\" src=\"https:\/\/optamiss.com\/wp-content\/uploads\/2020\/11\/DJI_0003-1024x768-2.jpg\" class=\"attachment-full size-full wp-image-4763\" alt=\"Tradezone Distribution Center, Project management, Roof Testing, Moisture testing, Request for Proposal, Roof Consulting, Construction Management | Optamiss\" srcset=\"https:\/\/optamiss.com\/wp-content\/uploads\/2020\/11\/DJI_0003-1024x768-2.jpg 1024w, https:\/\/optamiss.com\/wp-content\/uploads\/2020\/11\/DJI_0003-1024x768-2-300x225.jpg 300w\" sizes=\"(max-width: 1024px) 100vw, 1024px\" \/>\t\t\t\t\t\t\t\t\t\t\t\t\t\t\t<\/div>\n\t\t\t\t<\/div>\n\t\t\t\t\t<\/div>\n\t\t<\/div>\n\t\t\t\t<div class=\"has_eae_slider elementor-column elementor-col-50 elementor-top-column elementor-element elementor-element-e0172d8\" data-id=\"e0172d8\" data-element_type=\"column\">\n\t\t\t<div class=\"elementor-widget-wrap elementor-element-populated\">\n\t\t\t\t\t\t\t\t<div class=\"elementor-element elementor-element-669f4dc elementor-widget elementor-widget-text-editor\" data-id=\"669f4dc\" data-element_type=\"widget\" data-widget_type=\"text-editor.default\">\n\t\t\t\t<div class=\"elementor-widget-container\">\n\t\t\t<style>\/*! elementor - v3.15.0 - 20-08-2023 *\/\n.elementor-widget-text-editor.elementor-drop-cap-view-stacked .elementor-drop-cap{background-color:#69727d;color:#fff}.elementor-widget-text-editor.elementor-drop-cap-view-framed .elementor-drop-cap{color:#69727d;border:3px solid;background-color:transparent}.elementor-widget-text-editor:not(.elementor-drop-cap-view-default) .elementor-drop-cap{margin-top:8px}.elementor-widget-text-editor:not(.elementor-drop-cap-view-default) .elementor-drop-cap-letter{width:1em;height:1em}.elementor-widget-text-editor .elementor-drop-cap{float:left;text-align:center;line-height:1;font-size:50px}.elementor-widget-text-editor .elementor-drop-cap-letter{display:inline-block}<\/style>\t\t\t\t<p><strong>OptaMiss Corp<\/strong>\u00a0Primero realiz\u00f3 una estructural <a href=\"https:\/\/optamiss.com\/es\/\">evaluaci\u00f3n del techo<\/a>. Despu\u00e9s,\u00a0<strong>OptaMiss<\/strong>\u00a0documentos de dise\u00f1o preparados (dibujos y especificaciones) para las reparaciones y modificaciones recomendadas. A continuaci\u00f3n, presentamos al BOD un an\u00e1lisis de ofertas de ofertas selladas de licitadores preaprobados, todos con el mismo alcance. Una vez adjudicado el contrato y comenzado el trabajo,\u00a0<strong>OptaMiss<\/strong>\u00a0realiz\u00f3 visitas semanales al sitio durante la construcci\u00f3n para observar el progreso y asegurarse de que se cumplieran los est\u00e1ndares.<\/p>\t\t\t\t\t\t<\/div>\n\t\t\t\t<\/div>\n\t\t\t\t\t<\/div>\n\t\t<\/div>\n\t\t\t\t\t\t\t<\/div>\n\t\t<\/section>\n\t\t\t\t<section class=\"has_eae_slider elementor-section elementor-top-section elementor-element elementor-element-c669a59 elementor-section-boxed elementor-section-height-default elementor-section-height-default\" data-id=\"c669a59\" data-element_type=\"section\">\n\t\t\t\t\t\t<div class=\"elementor-container elementor-column-gap-default\">\n\t\t\t\t\t<div class=\"has_eae_slider elementor-column elementor-col-100 elementor-top-column elementor-element elementor-element-5786eff\" data-id=\"5786eff\" data-element_type=\"column\">\n\t\t\t<div class=\"elementor-widget-wrap elementor-element-populated\">\n\t\t\t\t\t\t\t\t<div class=\"elementor-element elementor-element-12b08d0 elementor-widget elementor-widget-text-editor\" data-id=\"12b08d0\" data-element_type=\"widget\" data-widget_type=\"text-editor.default\">\n\t\t\t\t<div class=\"elementor-widget-container\">\n\t\t\t\t\t\t\t<ul><li><strong>TAMA\u00d1O DEL PROYECTO\u00a0<\/strong>3 buildings;<\/li><li><strong>UBICACI\u00d3N DEL PROYECTO\u00a0<\/strong>Kendall, FL<\/li><li><strong>CONTRATO ADJUDICADO A\u00a0<\/strong>Best Roofing<\/li><li><strong>ALCANCE DEL PROYECTO:\u00a0<\/strong><a style=\"color: black;\" href=\"https:\/\/www.billraganroofing.com\/blog\/process-replace-roof\" target=\"_blank\" rel=\"noopener\">Reemplazo de techo<\/a><\/li><li><strong>ADMINISTRADOR DE LA PROPIEDAD :\u00a0<\/strong>T. Robertson at Miami Management<\/li><li><strong>FECHA DE TERMINACI\u00d3N\u00a0<\/strong><\/li><\/ul>\t\t\t\t\t\t<\/div>\n\t\t\t\t<\/div>\n\t\t\t\t\t<\/div>\n\t\t<\/div>\n\t\t\t\t\t\t\t<\/div>\n\t\t<\/section>\n\t\t\t\t\t\t\t<\/div>","protected":false},"excerpt":{"rendered":"<p>Tradezone Distribution Center Roof Replacement OptaMiss Corp\u00a0first performed a structural evaluation of the roof. Then,\u00a0OptaMiss\u00a0prepared design documents (drawings and specifications) for the recommended repairs and modifications. Next, we presented the BOD with a bid analysis from sealed bids from pre-approved bidders all bidding the same scope. Once contract was awarded and work began,\u00a0OptaMiss\u00a0performed weekly site [&hellip;]<\/p>","protected":false},"author":3,"featured_media":0,"parent":3274,"menu_order":0,"comment_status":"closed","ping_status":"closed","template":"elementor_header_footer","meta":{"footnotes":""},"_links":{"self":[{"href":"https:\/\/optamiss.com\/es\/wp-json\/wp\/v2\/pages\/8087"}],"collection":[{"href":"https:\/\/optamiss.com\/es\/wp-json\/wp\/v2\/pages"}],"about":[{"href":"https:\/\/optamiss.com\/es\/wp-json\/wp\/v2\/types\/page"}],"author":[{"embeddable":true,"href":"https:\/\/optamiss.com\/es\/wp-json\/wp\/v2\/users\/3"}],"replies":[{"embeddable":true,"href":"https:\/\/optamiss.com\/es\/wp-json\/wp\/v2\/comments?post=8087"}],"version-history":[{"count":10,"href":"https:\/\/optamiss.com\/es\/wp-json\/wp\/v2\/pages\/8087\/revisions"}],"predecessor-version":[{"id":13457,"href":"https:\/\/optamiss.com\/es\/wp-json\/wp\/v2\/pages\/8087\/revisions\/13457"}],"up":[{"embeddable":true,"href":"https:\/\/optamiss.com\/es\/wp-json\/wp\/v2\/pages\/3274"}],"wp:attachment":[{"href":"https:\/\/optamiss.com\/es\/wp-json\/wp\/v2\/media?parent=8087"}],"curies":[{"name":"wp","href":"https:\/\/api.w.org\/{rel}","templated":true}]}}