{"id":8078,"date":"2022-04-14T09:39:14","date_gmt":"2022-04-14T09:39:14","guid":{"rendered":"https:\/\/optamiss.com\/?page_id=8078"},"modified":"2023-09-14T05:45:12","modified_gmt":"2023-09-14T05:45:12","slug":"le-club-at-old-cutler","status":"publish","type":"page","link":"https:\/\/optamiss.com\/es\/nuestros-proyectos\/le-club-en-old-cutler\/","title":{"rendered":"Le Club at Old Cutler"},"content":{"rendered":"<div data-elementor-type=\"wp-page\" data-elementor-id=\"8078\" class=\"elementor elementor-8078\" data-elementor-post-type=\"page\">\n\t\t\t\t\t\t\t\t\t<section class=\"has_eae_slider elementor-section elementor-top-section elementor-element elementor-element-2fcf6f1 elementor-section-boxed elementor-section-height-default elementor-section-height-default\" data-id=\"2fcf6f1\" data-element_type=\"section\">\n\t\t\t\t\t\t<div class=\"elementor-container elementor-column-gap-default\">\n\t\t\t\t\t<div class=\"has_eae_slider elementor-column elementor-col-100 elementor-top-column elementor-element elementor-element-964ead4\" data-id=\"964ead4\" data-element_type=\"column\">\n\t\t\t<div class=\"elementor-widget-wrap elementor-element-populated\">\n\t\t\t\t\t\t\t\t<div class=\"elementor-element elementor-element-59f0c9c elementor-widget elementor-widget-heading\" data-id=\"59f0c9c\" data-element_type=\"widget\" data-widget_type=\"heading.default\">\n\t\t\t\t<div class=\"elementor-widget-container\">\n\t\t\t<style>\/*! elementor - v3.15.0 - 20-08-2023 *\/\n.elementor-heading-title{padding:0;margin:0;line-height:1}.elementor-widget-heading .elementor-heading-title[class*=elementor-size-]>a{color:inherit;font-size:inherit;line-height:inherit}.elementor-widget-heading .elementor-heading-title.elementor-size-small{font-size:15px}.elementor-widget-heading .elementor-heading-title.elementor-size-medium{font-size:19px}.elementor-widget-heading .elementor-heading-title.elementor-size-large{font-size:29px}.elementor-widget-heading .elementor-heading-title.elementor-size-xl{font-size:39px}.elementor-widget-heading .elementor-heading-title.elementor-size-xxl{font-size:59px}<\/style><h1 class=\"elementor-heading-title elementor-size-xl\">Le Club at Old Cutler Roof Replacement<\/h1>\t\t<\/div>\n\t\t\t\t<\/div>\n\t\t\t\t<div class=\"elementor-element elementor-element-5f58943 elementor-widget elementor-widget-spacer\" data-id=\"5f58943\" data-element_type=\"widget\" data-widget_type=\"spacer.default\">\n\t\t\t\t<div class=\"elementor-widget-container\">\n\t\t\t<style>\/*! elementor - v3.15.0 - 20-08-2023 *\/\n.elementor-column .elementor-spacer-inner{height:var(--spacer-size)}.e-con{--container-widget-width:100%}.e-con-inner>.elementor-widget-spacer,.e-con>.elementor-widget-spacer{width:var(--container-widget-width,var(--spacer-size));--align-self:var(--container-widget-align-self,initial);--flex-shrink:0}.e-con-inner>.elementor-widget-spacer>.elementor-widget-container,.e-con-inner>.elementor-widget-spacer>.elementor-widget-container>.elementor-spacer,.e-con>.elementor-widget-spacer>.elementor-widget-container,.e-con>.elementor-widget-spacer>.elementor-widget-container>.elementor-spacer{height:100%}.e-con-inner>.elementor-widget-spacer>.elementor-widget-container>.elementor-spacer>.elementor-spacer-inner,.e-con>.elementor-widget-spacer>.elementor-widget-container>.elementor-spacer>.elementor-spacer-inner{height:var(--container-widget-height,var(--spacer-size))}<\/style>\t\t<div class=\"elementor-spacer\">\n\t\t\t<div class=\"elementor-spacer-inner\"><\/div>\n\t\t<\/div>\n\t\t\t\t<\/div>\n\t\t\t\t<\/div>\n\t\t\t\t\t<\/div>\n\t\t<\/div>\n\t\t\t\t\t\t\t<\/div>\n\t\t<\/section>\n\t\t\t\t<section class=\"has_eae_slider elementor-section elementor-top-section elementor-element elementor-element-fa1a602 elementor-section-boxed elementor-section-height-default elementor-section-height-default\" data-id=\"fa1a602\" data-element_type=\"section\">\n\t\t\t\t\t\t<div class=\"elementor-container elementor-column-gap-default\">\n\t\t\t\t\t<div class=\"has_eae_slider elementor-column elementor-col-50 elementor-top-column elementor-element elementor-element-761ff0a\" data-id=\"761ff0a\" data-element_type=\"column\">\n\t\t\t<div class=\"elementor-widget-wrap elementor-element-populated\">\n\t\t\t\t\t\t\t\t<div class=\"elementor-element elementor-element-26c14f5 elementor-widget elementor-widget-image\" data-id=\"26c14f5\" data-element_type=\"widget\" data-widget_type=\"image.default\">\n\t\t\t\t<div class=\"elementor-widget-container\">\n\t\t\t<style>\/*! elementor - v3.15.0 - 20-08-2023 *\/\n.elementor-widget-image{text-align:center}.elementor-widget-image a{display:inline-block}.elementor-widget-image a img[src$=\".svg\"]{width:48px}.elementor-widget-image img{vertical-align:middle;display:inline-block}<\/style>\t\t\t\t\t\t\t\t\t\t\t\t<img decoding=\"async\" loading=\"lazy\" width=\"600\" height=\"700\" src=\"https:\/\/optamiss.com\/wp-content\/uploads\/2023\/09\/project-6.webp\" class=\"attachment-full size-full wp-image-13520\" alt=\"\" srcset=\"https:\/\/optamiss.com\/wp-content\/uploads\/2023\/09\/project-6.webp 600w, https:\/\/optamiss.com\/wp-content\/uploads\/2023\/09\/project-6-257x300.webp 257w, https:\/\/optamiss.com\/wp-content\/uploads\/2023\/09\/project-6-10x12.webp 10w\" sizes=\"(max-width: 600px) 100vw, 600px\" \/>\t\t\t\t\t\t\t\t\t\t\t\t\t\t\t<\/div>\n\t\t\t\t<\/div>\n\t\t\t\t\t<\/div>\n\t\t<\/div>\n\t\t\t\t<div class=\"has_eae_slider elementor-column elementor-col-50 elementor-top-column elementor-element elementor-element-e8b7eb7\" data-id=\"e8b7eb7\" data-element_type=\"column\">\n\t\t\t<div class=\"elementor-widget-wrap elementor-element-populated\">\n\t\t\t\t\t\t\t\t<div class=\"elementor-element elementor-element-f880126 elementor-widget elementor-widget-text-editor\" data-id=\"f880126\" data-element_type=\"widget\" data-widget_type=\"text-editor.default\">\n\t\t\t\t<div class=\"elementor-widget-container\">\n\t\t\t<style>\/*! elementor - v3.15.0 - 20-08-2023 *\/\n.elementor-widget-text-editor.elementor-drop-cap-view-stacked .elementor-drop-cap{background-color:#69727d;color:#fff}.elementor-widget-text-editor.elementor-drop-cap-view-framed .elementor-drop-cap{color:#69727d;border:3px solid;background-color:transparent}.elementor-widget-text-editor:not(.elementor-drop-cap-view-default) .elementor-drop-cap{margin-top:8px}.elementor-widget-text-editor:not(.elementor-drop-cap-view-default) .elementor-drop-cap-letter{width:1em;height:1em}.elementor-widget-text-editor .elementor-drop-cap{float:left;text-align:center;line-height:1;font-size:50px}.elementor-widget-text-editor .elementor-drop-cap-letter{display:inline-block}<\/style>\t\t\t\t<p>Contratar a una consultora de techo y\u00a0<strong>reducir el costo  del remplazo de su techo<\/strong>. La Asociaci\u00f3n de Le Club of Old Cutler decidi\u00f3 contratar <a style=\"color: black;\" href=\"https:\/\/optamiss.com\/es\/\">OptaMiss<\/a> para realizar la direcci\u00f3n de obra y la observaci\u00f3n de la obra una vez contratado el  techero y iniciado el proyecto de reposici\u00f3n de techo. En este momento, ya estaban metidos hasta las rodillas con 99 \u00f3rdenes de cambio. Como consultores de techos, pasamos incontables horas revisando el contrato de techo, los detalles de dise\u00f1o, las \u00f3rdenes de cambio y las solicitudes de pagos m\u00faltiples. No hace falta decir que el tiempo y el esfuerzo valieron la pena.\u00a0<strong>Los descubrimientos llevaron al contratista de techos<\/strong>\u00a0para proporcionar las siguientes garant\u00edas para techos que de otro modo no habr\u00edan sido reclamadas: una garant\u00eda de 5 a\u00f1os para techos de tejas de mano de obra y materiales, una garant\u00eda de 5 a\u00f1os para revestimientos GAF, una garant\u00eda de 50 a\u00f1os para productos de tejas Boral y una garant\u00eda de 30 a\u00f1os para productos de contrapiso de Polyglass. Tambi\u00e9n comenzaron a realizar trabajos seg\u00fan la especificaci\u00f3n contratada y\u00a0<strong>acredit\u00f3 a la Asociaci\u00f3n m\u00e1s de $164,000<\/strong>!<\/p><p>At\u00a0<strong>OptaMiss<\/strong>\u00a0somos su socio para la gesti\u00f3n total del techo. Durante el curso de la baja pendiente y teja <a style=\"color: black;\" href=\"https:\/\/www.facilitiesnet.com\/roofing\/article\/Roof-Replacement-Strategies-and-Tactics--18955\" target=\"_blank\" rel=\"noopener\">proyecto de cambio de techo<\/a> Nuestra inspectora de campo realiza semanalmente\u00a0<strong>inspecciones de control de calidad<\/strong>, vol\u00f3 el dron y proporcion\u00f3 informes de progreso. Mientras nuestro director de proyecto sosten\u00eda\u00a0\u00a0<strong>reuniones semanales de construcci\u00f3n<\/strong>\u00a0con el administrador de la propiedad, los miembros de la junta y el techador para garantizar que cualquier problema se abordara de inmediato, todos se mantuvieran en la misma p\u00e1gina y el proyecto de techado se desarrollara sin problemas. Durante el cierre del proyecto, OptaMiss entreg\u00f3 a la asociaci\u00f3n una carpeta que conten\u00eda toda la documentaci\u00f3n del proyecto, liberaci\u00f3n de grav\u00e1menes y garant\u00edas. Usted tambi\u00e9n puede disfrutar de la<strong>\u00a0ahorro de costes<\/strong>\u00a0eso viene con tener un consultor experto en techos a bordo.<\/p>\t\t\t\t\t\t<\/div>\n\t\t\t\t<\/div>\n\t\t\t\t\t<\/div>\n\t\t<\/div>\n\t\t\t\t\t\t\t<\/div>\n\t\t<\/section>\n\t\t\t\t<section class=\"has_eae_slider elementor-section elementor-top-section elementor-element elementor-element-97970e1 elementor-section-boxed elementor-section-height-default elementor-section-height-default\" data-id=\"97970e1\" data-element_type=\"section\">\n\t\t\t\t\t\t<div class=\"elementor-container elementor-column-gap-default\">\n\t\t\t\t\t<div class=\"has_eae_slider elementor-column elementor-col-100 elementor-top-column elementor-element elementor-element-b50f668\" data-id=\"b50f668\" data-element_type=\"column\">\n\t\t\t<div class=\"elementor-widget-wrap elementor-element-populated\">\n\t\t\t\t\t\t\t\t<div class=\"elementor-element elementor-element-52a328e elementor-widget elementor-widget-text-editor\" data-id=\"52a328e\" data-element_type=\"widget\" data-widget_type=\"text-editor.default\">\n\t\t\t\t<div class=\"elementor-widget-container\">\n\t\t\t\t\t\t\t<ul><li><strong>TAMA\u00d1O DEL PROYECTO <\/strong>13 buildings; \/- 183,515 sf<\/li><li><strong>UBICACI\u00d3N DEL PROYECTO <\/strong>Cutler Bay, FL<\/li><li><strong>ALCANCE DEL PROYECTO: <\/strong>Reemplazo de techo de baja pendiente y mansarda de tejas<\/li><li><strong>FABRICANTES: <\/strong>SOPREMA, Boral, PolyGlass<\/li><li><strong>CONTRACTOR: <\/strong>A-1 Property Services<\/li><li><strong>ADMINISTRADOR DE LA PROPIEDAD : <\/strong>J. Pereira with Renovations Property Management<\/li><li><strong>FECHA DE TERMINACI\u00d3N <\/strong>May 2019-July 2021<\/li><\/ul>\t\t\t\t\t\t<\/div>\n\t\t\t\t<\/div>\n\t\t\t\t\t<\/div>\n\t\t<\/div>\n\t\t\t\t\t\t\t<\/div>\n\t\t<\/section>\n\t\t\t\t\t\t\t<\/div>","protected":false},"excerpt":{"rendered":"<p>Le Club at Old Cutler Roof Replacement Hire a roof consultant and\u00a0reduce the lifecycle cost of your roof.\u00a0 The Association at Le Club of Old Cutler decided to hire OptaMiss to perform project management and construction observation after the roofing contract had been hired and the roof replacement project was underway.\u00a0 At this time, they [&hellip;]<\/p>","protected":false},"author":3,"featured_media":0,"parent":3274,"menu_order":0,"comment_status":"closed","ping_status":"closed","template":"elementor_header_footer","meta":{"footnotes":""},"_links":{"self":[{"href":"https:\/\/optamiss.com\/es\/wp-json\/wp\/v2\/pages\/8078"}],"collection":[{"href":"https:\/\/optamiss.com\/es\/wp-json\/wp\/v2\/pages"}],"about":[{"href":"https:\/\/optamiss.com\/es\/wp-json\/wp\/v2\/types\/page"}],"author":[{"embeddable":true,"href":"https:\/\/optamiss.com\/es\/wp-json\/wp\/v2\/users\/3"}],"replies":[{"embeddable":true,"href":"https:\/\/optamiss.com\/es\/wp-json\/wp\/v2\/comments?post=8078"}],"version-history":[{"count":16,"href":"https:\/\/optamiss.com\/es\/wp-json\/wp\/v2\/pages\/8078\/revisions"}],"predecessor-version":[{"id":13634,"href":"https:\/\/optamiss.com\/es\/wp-json\/wp\/v2\/pages\/8078\/revisions\/13634"}],"up":[{"embeddable":true,"href":"https:\/\/optamiss.com\/es\/wp-json\/wp\/v2\/pages\/3274"}],"wp:attachment":[{"href":"https:\/\/optamiss.com\/es\/wp-json\/wp\/v2\/media?parent=8078"}],"curies":[{"name":"wp","href":"https:\/\/api.w.org\/{rel}","templated":true}]}}