{"id":8070,"date":"2022-04-14T09:36:54","date_gmt":"2022-04-14T09:36:54","guid":{"rendered":"https:\/\/optamiss.com\/?page_id=8070"},"modified":"2023-09-14T05:42:21","modified_gmt":"2023-09-14T05:42:21","slug":"royal-poinciana","status":"publish","type":"page","link":"https:\/\/optamiss.com\/es\/nuestros-proyectos\/royal-poinciana\/","title":{"rendered":"Royal Poinciana"},"content":{"rendered":"<div data-elementor-type=\"wp-page\" data-elementor-id=\"8070\" class=\"elementor elementor-8070\" data-elementor-post-type=\"page\">\n\t\t\t\t\t\t\t\t\t<section class=\"has_eae_slider elementor-section elementor-top-section elementor-element elementor-element-9cc0753 elementor-section-boxed elementor-section-height-default elementor-section-height-default\" data-id=\"9cc0753\" data-element_type=\"section\">\n\t\t\t\t\t\t<div class=\"elementor-container elementor-column-gap-default\">\n\t\t\t\t\t<div class=\"has_eae_slider elementor-column elementor-col-100 elementor-top-column elementor-element elementor-element-204cc52\" data-id=\"204cc52\" data-element_type=\"column\">\n\t\t\t<div class=\"elementor-widget-wrap elementor-element-populated\">\n\t\t\t\t\t\t\t\t<div class=\"elementor-element elementor-element-5b8bf1c elementor-widget elementor-widget-heading\" data-id=\"5b8bf1c\" data-element_type=\"widget\" data-widget_type=\"heading.default\">\n\t\t\t\t<div class=\"elementor-widget-container\">\n\t\t\t<style>\/*! elementor - v3.15.0 - 20-08-2023 *\/\n.elementor-heading-title{padding:0;margin:0;line-height:1}.elementor-widget-heading .elementor-heading-title[class*=elementor-size-]>a{color:inherit;font-size:inherit;line-height:inherit}.elementor-widget-heading .elementor-heading-title.elementor-size-small{font-size:15px}.elementor-widget-heading .elementor-heading-title.elementor-size-medium{font-size:19px}.elementor-widget-heading .elementor-heading-title.elementor-size-large{font-size:29px}.elementor-widget-heading .elementor-heading-title.elementor-size-xl{font-size:39px}.elementor-widget-heading .elementor-heading-title.elementor-size-xxl{font-size:59px}<\/style><h1 class=\"elementor-heading-title elementor-size-xl\">Royal Poinciana Roof Replacement<\/h1>\t\t<\/div>\n\t\t\t\t<\/div>\n\t\t\t\t\t<\/div>\n\t\t<\/div>\n\t\t\t\t\t\t\t<\/div>\n\t\t<\/section>\n\t\t\t\t<section class=\"has_eae_slider elementor-section elementor-top-section elementor-element elementor-element-e6f9678 elementor-section-full_width elementor-section-height-default elementor-section-height-default\" data-id=\"e6f9678\" data-element_type=\"section\">\n\t\t\t\t\t\t<div class=\"elementor-container elementor-column-gap-default\">\n\t\t\t\t\t<div class=\"has_eae_slider elementor-column elementor-col-50 elementor-top-column elementor-element elementor-element-21d7d8e\" data-id=\"21d7d8e\" data-element_type=\"column\">\n\t\t\t<div class=\"elementor-widget-wrap elementor-element-populated\">\n\t\t\t\t\t\t\t\t<div class=\"elementor-element elementor-element-8aabb69 elementor-widget elementor-widget-image\" data-id=\"8aabb69\" data-element_type=\"widget\" data-widget_type=\"image.default\">\n\t\t\t\t<div class=\"elementor-widget-container\">\n\t\t\t<style>\/*! elementor - v3.15.0 - 20-08-2023 *\/\n.elementor-widget-image{text-align:center}.elementor-widget-image a{display:inline-block}.elementor-widget-image a img[src$=\".svg\"]{width:48px}.elementor-widget-image img{vertical-align:middle;display:inline-block}<\/style>\t\t\t\t\t\t\t\t\t\t\t\t<img decoding=\"async\" loading=\"lazy\" width=\"1536\" height=\"1152\" src=\"https:\/\/optamiss.com\/wp-content\/uploads\/2023\/09\/project-5-1536x1152.webp\" class=\"attachment-1536x1536 size-1536x1536 wp-image-13516\" alt=\"\" srcset=\"https:\/\/optamiss.com\/wp-content\/uploads\/2023\/09\/project-5-1536x1152.webp 1536w, https:\/\/optamiss.com\/wp-content\/uploads\/2023\/09\/project-5-300x225.webp 300w, https:\/\/optamiss.com\/wp-content\/uploads\/2023\/09\/project-5-1024x768.webp 1024w, https:\/\/optamiss.com\/wp-content\/uploads\/2023\/09\/project-5-768x576.webp 768w, https:\/\/optamiss.com\/wp-content\/uploads\/2023\/09\/project-5-2048x1536.webp 2048w, https:\/\/optamiss.com\/wp-content\/uploads\/2023\/09\/project-5-16x12.webp 16w\" sizes=\"(max-width: 1536px) 100vw, 1536px\" \/>\t\t\t\t\t\t\t\t\t\t\t\t\t\t\t<\/div>\n\t\t\t\t<\/div>\n\t\t\t\t\t<\/div>\n\t\t<\/div>\n\t\t\t\t<div class=\"has_eae_slider elementor-column elementor-col-50 elementor-top-column elementor-element elementor-element-5371e7f\" data-id=\"5371e7f\" data-element_type=\"column\">\n\t\t\t<div class=\"elementor-widget-wrap elementor-element-populated\">\n\t\t\t\t\t\t\t\t<div class=\"elementor-element elementor-element-0b6753a elementor-widget elementor-widget-text-editor\" data-id=\"0b6753a\" data-element_type=\"widget\" data-widget_type=\"text-editor.default\">\n\t\t\t\t<div class=\"elementor-widget-container\">\n\t\t\t<style>\/*! elementor - v3.15.0 - 20-08-2023 *\/\n.elementor-widget-text-editor.elementor-drop-cap-view-stacked .elementor-drop-cap{background-color:#69727d;color:#fff}.elementor-widget-text-editor.elementor-drop-cap-view-framed .elementor-drop-cap{color:#69727d;border:3px solid;background-color:transparent}.elementor-widget-text-editor:not(.elementor-drop-cap-view-default) .elementor-drop-cap{margin-top:8px}.elementor-widget-text-editor:not(.elementor-drop-cap-view-default) .elementor-drop-cap-letter{width:1em;height:1em}.elementor-widget-text-editor .elementor-drop-cap{float:left;text-align:center;line-height:1;font-size:50px}.elementor-widget-text-editor .elementor-drop-cap-letter{display:inline-block}<\/style>\t\t\t\t<strong>OptaMiss Corp<\/strong>\u00a0realiz\u00f3 primero una evaluaci\u00f3n estructural del techo. Despu\u00e9s,\u00a0<strong>OptaMiss<\/strong>\u00a0preparada <a style=\"color:black\" href=\"https:\/\/www.masterclass.com\/articles\/guide-to-construction-documents\" target=\"_blank\" rel=\"noopener\">documentos de dise\u00f1o<\/a> (dibujos y especificaciones) para las reparaciones y modificaciones recomendadas. A continuaci\u00f3n, presentamos al BOD un an\u00e1lisis  de ofertas selladas de licitadores preaprobados, todos con el mismo alcance. Una vez adjudicado el contrato y comenzado el trabajo,\u00a0<a style=\"color:black\" href=\"https:\/\/optamiss.com\/es\/\"><strong>OptaMiss<\/strong><\/a>\u00a0realiz\u00f3 visitas semanales al sitio durante la construcci\u00f3n para observar el progreso y asegurarse de que se cumplieran los est\u00e1ndares.\t\t\t\t\t\t<\/div>\n\t\t\t\t<\/div>\n\t\t\t\t<div class=\"elementor-element elementor-element-7585d9b elementor-widget elementor-widget-text-editor\" data-id=\"7585d9b\" data-element_type=\"widget\" data-widget_type=\"text-editor.default\">\n\t\t\t\t<div class=\"elementor-widget-container\">\n\t\t\t\t\t\t\t<ul><li><strong>Tama\u00f1o del proyecto:\u00a0<\/strong>1 building; \/- 34,500 sf<\/li><li><strong>Localizaci\u00f3n del proyecto:\u00a0<\/strong>Doral, FL<\/li><li><strong>Contrato adjudicado a:\u00a0<\/strong>Allied Roofing Industries<\/li><li><strong>Alcance del Proyecto:\u00a0<\/strong>Reemplazo de Techo de Baja Pendiente, Impermeabilizaci\u00f3n de Parapetos, Ampliaci\u00f3n de Imbornales, Nuevos Cabezales y Bajantes<\/li><li><strong>Sistema de techo:\u00a0<\/strong>Versico 80 mil TPO Single Ply sobre ISO plano de 1.5\u2033<\/li><li><strong>Administrador de la propiedad:\u00a0<\/strong>M. Palacios con MP Gesti\u00f3n Inmobiliaria<\/li><li><strong>Fecha de finalizaci\u00f3n:\u00a0<\/strong>December 2018<\/li><\/ul>\t\t\t\t\t\t<\/div>\n\t\t\t\t<\/div>\n\t\t\t\t\t<\/div>\n\t\t<\/div>\n\t\t\t\t\t\t\t<\/div>\n\t\t<\/section>\n\t\t\t\t\t\t\t<\/div>","protected":false},"excerpt":{"rendered":"<p>Royal Poinciana Roof Replacement OptaMiss Corp\u00a0first performed a structural evaluation of the roof. Then,\u00a0OptaMiss\u00a0prepared design documents (drawings and specifications) for the recommended repairs and modifications. Next, we presented the BOD with a bid analysis from sealed bids from pre-approved bidders all bidding the same scope. Once contract was awarded and work began,\u00a0OptaMiss\u00a0performed weekly site visits [&hellip;]<\/p>","protected":false},"author":3,"featured_media":0,"parent":3274,"menu_order":0,"comment_status":"closed","ping_status":"closed","template":"elementor_header_footer","meta":{"footnotes":""},"_links":{"self":[{"href":"https:\/\/optamiss.com\/es\/wp-json\/wp\/v2\/pages\/8070"}],"collection":[{"href":"https:\/\/optamiss.com\/es\/wp-json\/wp\/v2\/pages"}],"about":[{"href":"https:\/\/optamiss.com\/es\/wp-json\/wp\/v2\/types\/page"}],"author":[{"embeddable":true,"href":"https:\/\/optamiss.com\/es\/wp-json\/wp\/v2\/users\/3"}],"replies":[{"embeddable":true,"href":"https:\/\/optamiss.com\/es\/wp-json\/wp\/v2\/comments?post=8070"}],"version-history":[{"count":16,"href":"https:\/\/optamiss.com\/es\/wp-json\/wp\/v2\/pages\/8070\/revisions"}],"predecessor-version":[{"id":13628,"href":"https:\/\/optamiss.com\/es\/wp-json\/wp\/v2\/pages\/8070\/revisions\/13628"}],"up":[{"embeddable":true,"href":"https:\/\/optamiss.com\/es\/wp-json\/wp\/v2\/pages\/3274"}],"wp:attachment":[{"href":"https:\/\/optamiss.com\/es\/wp-json\/wp\/v2\/media?parent=8070"}],"curies":[{"name":"wp","href":"https:\/\/api.w.org\/{rel}","templated":true}]}}