{"id":8059,"date":"2022-04-14T09:33:47","date_gmt":"2022-04-14T09:33:47","guid":{"rendered":"https:\/\/optamiss.com\/?page_id=8059"},"modified":"2023-09-14T05:38:06","modified_gmt":"2023-09-14T05:38:06","slug":"bayside-village-at-fisher-island","status":"publish","type":"page","link":"https:\/\/optamiss.com\/es\/nuestros-proyectos\/bayside-village-en-fisher-island\/","title":{"rendered":"Bayside Village at Fisher Island"},"content":{"rendered":"<div data-elementor-type=\"wp-page\" data-elementor-id=\"8059\" class=\"elementor elementor-8059\" data-elementor-post-type=\"page\">\n\t\t\t\t\t\t\t\t\t<section class=\"has_eae_slider elementor-section elementor-top-section elementor-element elementor-element-c1e1bdc elementor-section-boxed elementor-section-height-default elementor-section-height-default\" data-id=\"c1e1bdc\" data-element_type=\"section\">\n\t\t\t\t\t\t<div class=\"elementor-container elementor-column-gap-default\">\n\t\t\t\t\t<div class=\"has_eae_slider elementor-column elementor-col-100 elementor-top-column elementor-element elementor-element-134a9cb\" data-id=\"134a9cb\" data-element_type=\"column\">\n\t\t\t<div class=\"elementor-widget-wrap elementor-element-populated\">\n\t\t\t\t\t\t\t\t<div class=\"elementor-element elementor-element-cfa7383 elementor-widget elementor-widget-heading\" data-id=\"cfa7383\" data-element_type=\"widget\" data-widget_type=\"heading.default\">\n\t\t\t\t<div class=\"elementor-widget-container\">\n\t\t\t<style>\/*! elementor - v3.15.0 - 20-08-2023 *\/\n.elementor-heading-title{padding:0;margin:0;line-height:1}.elementor-widget-heading .elementor-heading-title[class*=elementor-size-]>a{color:inherit;font-size:inherit;line-height:inherit}.elementor-widget-heading .elementor-heading-title.elementor-size-small{font-size:15px}.elementor-widget-heading .elementor-heading-title.elementor-size-medium{font-size:19px}.elementor-widget-heading .elementor-heading-title.elementor-size-large{font-size:29px}.elementor-widget-heading .elementor-heading-title.elementor-size-xl{font-size:39px}.elementor-widget-heading .elementor-heading-title.elementor-size-xxl{font-size:59px}<\/style><h1 class=\"elementor-heading-title elementor-size-large\"> Bayside Village at Fisher Island Tile Roof Replacement\u200b<\/h1>\t\t<\/div>\n\t\t\t\t<\/div>\n\t\t\t\t\t<\/div>\n\t\t<\/div>\n\t\t\t\t\t\t\t<\/div>\n\t\t<\/section>\n\t\t\t\t<section class=\"has_eae_slider elementor-section elementor-top-section elementor-element elementor-element-ea96650 elementor-section-boxed elementor-section-height-default elementor-section-height-default\" data-id=\"ea96650\" data-element_type=\"section\">\n\t\t\t\t\t\t<div class=\"elementor-container elementor-column-gap-default\">\n\t\t\t\t\t<div class=\"has_eae_slider elementor-column elementor-col-50 elementor-top-column elementor-element elementor-element-3d3630e\" data-id=\"3d3630e\" data-element_type=\"column\" data-settings=\"{&quot;background_background&quot;:&quot;classic&quot;}\">\n\t\t\t<div class=\"elementor-widget-wrap elementor-element-populated\">\n\t\t\t\t\t\t\t\t<div class=\"elementor-element elementor-element-e52542f elementor-widget elementor-widget-spacer\" data-id=\"e52542f\" data-element_type=\"widget\" data-widget_type=\"spacer.default\">\n\t\t\t\t<div class=\"elementor-widget-container\">\n\t\t\t<style>\/*! elementor - v3.15.0 - 20-08-2023 *\/\n.elementor-column .elementor-spacer-inner{height:var(--spacer-size)}.e-con{--container-widget-width:100%}.e-con-inner>.elementor-widget-spacer,.e-con>.elementor-widget-spacer{width:var(--container-widget-width,var(--spacer-size));--align-self:var(--container-widget-align-self,initial);--flex-shrink:0}.e-con-inner>.elementor-widget-spacer>.elementor-widget-container,.e-con-inner>.elementor-widget-spacer>.elementor-widget-container>.elementor-spacer,.e-con>.elementor-widget-spacer>.elementor-widget-container,.e-con>.elementor-widget-spacer>.elementor-widget-container>.elementor-spacer{height:100%}.e-con-inner>.elementor-widget-spacer>.elementor-widget-container>.elementor-spacer>.elementor-spacer-inner,.e-con>.elementor-widget-spacer>.elementor-widget-container>.elementor-spacer>.elementor-spacer-inner{height:var(--container-widget-height,var(--spacer-size))}<\/style>\t\t<div class=\"elementor-spacer\">\n\t\t\t<div class=\"elementor-spacer-inner\"><\/div>\n\t\t<\/div>\n\t\t\t\t<\/div>\n\t\t\t\t<\/div>\n\t\t\t\t\t<\/div>\n\t\t<\/div>\n\t\t\t\t<div class=\"has_eae_slider elementor-column elementor-col-50 elementor-top-column elementor-element elementor-element-a94876f\" data-id=\"a94876f\" data-element_type=\"column\">\n\t\t\t<div class=\"elementor-widget-wrap elementor-element-populated\">\n\t\t\t\t\t\t\t\t<div class=\"elementor-element elementor-element-8f7c383 elementor-widget elementor-widget-text-editor\" data-id=\"8f7c383\" data-element_type=\"widget\" data-widget_type=\"text-editor.default\">\n\t\t\t\t<div class=\"elementor-widget-container\">\n\t\t\t<style>\/*! elementor - v3.15.0 - 20-08-2023 *\/\n.elementor-widget-text-editor.elementor-drop-cap-view-stacked .elementor-drop-cap{background-color:#69727d;color:#fff}.elementor-widget-text-editor.elementor-drop-cap-view-framed .elementor-drop-cap{color:#69727d;border:3px solid;background-color:transparent}.elementor-widget-text-editor:not(.elementor-drop-cap-view-default) .elementor-drop-cap{margin-top:8px}.elementor-widget-text-editor:not(.elementor-drop-cap-view-default) .elementor-drop-cap-letter{width:1em;height:1em}.elementor-widget-text-editor .elementor-drop-cap{float:left;text-align:center;line-height:1;font-size:50px}.elementor-widget-text-editor .elementor-drop-cap-letter{display:inline-block}<\/style>\t\t\t\tEl trabajo deficiente y los detalles perdidos a menudo significan una falla prematura del techo. Un consultor experto en techos ayuda a evaluar la instalaci\u00f3n del techo y, a su vez, le ahorra a la asociaci\u00f3n de construcci\u00f3n del edificio, miles de d\u00f3lares al garantizar que el techo se construya para alcanzar su ciclo de vida previsto. OptaMiss fue contratada despu\u00e9s que el <a style=\"color: black;\" href=\"https:\/\/optamiss.com\/es\/\">contrato de techo<\/a> hab\u00eda sido adjudicado y la obra ya estaba en marcha. El techo del edificio 2400 hab\u00eda sido reemplazado, el 2300 estaba en progreso y el 2200 estaba listo para comenzar. Nuestra primera orden del d\u00eda fue inspeccionar el trabajo en curso para verificar que cumpliera con los documentos del contrato y el c\u00f3digo de construcci\u00f3n de Miami-Dade. Como parte de nuestra inspecci\u00f3n inicial, se inspeccionaron todos los \u00e1ticos accesibles para verificar que se hab\u00eda reemplazado la madera del per\u00edmetro y que se hab\u00edan instalado los soportes adicionales en las vigas de madera. Afortunadamente para el cliente, pudimos encontrar el trabajo que se hab\u00eda pasado por alto. Para el edificio 2300, elaboramos una lista completa que inclu\u00eda la instalaci\u00f3n de una segunda <a style=\"color:black\" href=\"http:\/\/www.infrastructures.com\/0707\/polyglass.htm\" target=\"_blank\" rel=\"noopener\">capa de polyglass<\/a> contrapiso porque la primera instalaci\u00f3n hab\u00eda estado sobreexpuesta por un per\u00edodo mayor a 6 meses. Aunque el edificio 2400 hab\u00eda pasado la inspecci\u00f3n final con la ciudad, OptaMiss solicit\u00f3 que el contratista elevara las ventilaciones de las tuber\u00edas para cumplir con el c\u00f3digo actual. Luego trabajamos con el contratista de techos para asegurarnos de que se corrigieran los elementos deficientes. OptaMiss supervis\u00f3 el reemplazo del techo en el edificio 2200 de principio a fin y progres\u00f3 sin problemas. Al igual que con cualquier proyecto de construcci\u00f3n, OptaMiss reuni\u00f3 y actualiz\u00f3 la documentaci\u00f3n correspondiente a todas las solicitudes de pago. Le proporcionamos al administrador de la propiedad informes de progreso semanales que inclu\u00edan fotograf\u00edas con drones. Las carpetas finalizadas inclu\u00edan copias de los permisos de techo y los documentos de garant\u00eda finalizados.\t\t\t\t\t\t<\/div>\n\t\t\t\t<\/div>\n\t\t\t\t\t<\/div>\n\t\t<\/div>\n\t\t\t\t\t\t\t<\/div>\n\t\t<\/section>\n\t\t\t\t<section class=\"has_eae_slider elementor-section elementor-top-section elementor-element elementor-element-26b13d9 elementor-section-boxed elementor-section-height-default elementor-section-height-default\" data-id=\"26b13d9\" data-element_type=\"section\">\n\t\t\t\t\t\t<div class=\"elementor-container elementor-column-gap-default\">\n\t\t\t\t\t<div class=\"has_eae_slider elementor-column elementor-col-100 elementor-top-column elementor-element elementor-element-6791f84\" data-id=\"6791f84\" data-element_type=\"column\">\n\t\t\t<div class=\"elementor-widget-wrap elementor-element-populated\">\n\t\t\t\t\t\t\t\t<div class=\"elementor-element elementor-element-260218c elementor-widget elementor-widget-text-editor\" data-id=\"260218c\" data-element_type=\"widget\" data-widget_type=\"text-editor.default\">\n\t\t\t\t<div class=\"elementor-widget-container\">\n\t\t\t\t\t\t\t<div id=\"text_7ba073dd20128ead10a7a91b83410246\" class=\"jsn-bootstrap3 ltb-element-container clearfix ltb-element-text\"><div id=\"eBEbGI\" class=\"ltb_text\"><ul><li><strong>TAMA\u00d1O DEL PROYECTO\u00a0<\/strong>3 edificios, \/- 350sq<\/li><li><strong>UBICACI\u00d3N DEL PROYECTO\u00a0<\/strong>Fisher Island, Florida<\/li><li><strong>CONTRATO ADJUDICADO A\u00a0<\/strong>A-1 Property Services<\/li><li><strong>ALCANCE DEL PROYECTO:\u00a0<\/strong>Reemplazo del techo, reemplazo del revestimiento perimetral y reacondicionamiento de la instalaci\u00f3n de correas y aplicaci\u00f3n de tratamiento contra termitas.<\/li><li><strong>ADMINISTRADOR DE LA PROPIEDAD :\u00a0<\/strong>J. Smith con First Service Residential<\/li><li><strong>FECHA DE TERMINACI\u00d3N\u00a0<\/strong>May 2019<\/li><\/ul><\/div><\/div><div id=\"spacer_92224fc1872e29b596772ffec481257d\" class=\"jsn-bootstrap3 ltb-element-container clearfix ltb-element-spacer\">\u00a0<\/div>\t\t\t\t\t\t<\/div>\n\t\t\t\t<\/div>\n\t\t\t\t\t<\/div>\n\t\t<\/div>\n\t\t\t\t\t\t\t<\/div>\n\t\t<\/section>\n\t\t\t\t\t\t\t<\/div>","protected":false},"excerpt":{"rendered":"<p>Bayside Village at Fisher Island Tile Roof Replacement\u200b Subpar work and missed details often mean premature roof failure. An expert roof consultant helps assess the roof installation and in turn saves the building association thousands of dollars by ensuring the roof is built to reach its intended life cycle. OptaMiss was hired after the roofing [&hellip;]<\/p>","protected":false},"author":3,"featured_media":4734,"parent":3274,"menu_order":0,"comment_status":"closed","ping_status":"closed","template":"elementor_header_footer","meta":{"footnotes":""},"_links":{"self":[{"href":"https:\/\/optamiss.com\/es\/wp-json\/wp\/v2\/pages\/8059"}],"collection":[{"href":"https:\/\/optamiss.com\/es\/wp-json\/wp\/v2\/pages"}],"about":[{"href":"https:\/\/optamiss.com\/es\/wp-json\/wp\/v2\/types\/page"}],"author":[{"embeddable":true,"href":"https:\/\/optamiss.com\/es\/wp-json\/wp\/v2\/users\/3"}],"replies":[{"embeddable":true,"href":"https:\/\/optamiss.com\/es\/wp-json\/wp\/v2\/comments?post=8059"}],"version-history":[{"count":15,"href":"https:\/\/optamiss.com\/es\/wp-json\/wp\/v2\/pages\/8059\/revisions"}],"predecessor-version":[{"id":13625,"href":"https:\/\/optamiss.com\/es\/wp-json\/wp\/v2\/pages\/8059\/revisions\/13625"}],"up":[{"embeddable":true,"href":"https:\/\/optamiss.com\/es\/wp-json\/wp\/v2\/pages\/3274"}],"wp:featuredmedia":[{"embeddable":true,"href":"https:\/\/optamiss.com\/es\/wp-json\/wp\/v2\/media\/4734"}],"wp:attachment":[{"href":"https:\/\/optamiss.com\/es\/wp-json\/wp\/v2\/media?parent=8059"}],"curies":[{"name":"wp","href":"https:\/\/api.w.org\/{rel}","templated":true}]}}